{"id":89,"date":"2025-03-07T09:44:05","date_gmt":"2025-03-07T09:44:05","guid":{"rendered":"https:\/\/trident-freediving.at\/?page_id=89"},"modified":"2026-03-18T22:34:53","modified_gmt":"2026-03-18T22:34:53","slug":"mermaid","status":"publish","type":"page","link":"https:\/\/trident-freediving.at\/?page_id=89","title":{"rendered":"Mermaid"},"content":{"rendered":"<h2>Springe ins k\u00fchle Nass und lass dich verzaubern<\/h2>\n<p>In diesen spannenden SSI Mermaid Kursen lernst du wie eine Meerjungfrau oder ein Wassermann zu schwimmen.<\/p>\n<p><img loading=\"lazy\" decoding=\"async\" class=\"wp-image-92 alignright\" src=\"https:\/\/trident-freediving.at\/wp-content\/uploads\/2025\/03\/mermaid1-300x200.jpeg\" alt=\"\" width=\"293\" height=\"195\" srcset=\"https:\/\/trident-freediving.at\/wp-content\/uploads\/2025\/03\/mermaid1-300x200.jpeg 300w, https:\/\/trident-freediving.at\/wp-content\/uploads\/2025\/03\/mermaid1-1024x683.jpeg 1024w, https:\/\/trident-freediving.at\/wp-content\/uploads\/2025\/03\/mermaid1-768x512.jpeg 768w, https:\/\/trident-freediving.at\/wp-content\/uploads\/2025\/03\/mermaid1.jpeg 1080w\" sizes=\"auto, (max-width: 293px) 100vw, 293px\" \/><\/p>\n<p>Diese Ausbildungen vermitteln das Wissen und die Fertigkeiten um sich sicher mit der Monoflosse und einem Fischschwanz im Wasser zu bewegen und wohlzuf\u00fchlen. Unsere fachkundigen Instruktoren bringen dir alles bei, was du wissen musst. Mermaiding ist ein Abenteuer f\u00fcr die ganze Familie &#8211; f\u00fcr gro\u00dfe und kleine Meerjungfrauen und Meerm\u00e4nner gleicherma\u00dfen!<\/p>\n<p>Auch unser <a href=\"https:\/\/trident-freediving.at\/?page_id=111\">Snorkel Diver Programm<\/a>\u00a0 ist eine tolle M\u00f6glichkeit, die Meerjungfrau\/den Wassermann in dir zu entdecken und alles zu lernen, um sicher und selbstbewusst zu schnorcheln.<\/p>\n<p>Schwimme wie eine Meerjungfrau \u2013 mit SSI und Trident Freediving!<\/p>\n<h2>Unser Kursangebot:<\/h2>\n<h2><img loading=\"lazy\" decoding=\"async\" class=\"alignleft\" src=\"https:\/\/trident-freediving.at\/wp-content\/uploads\/2025\/03\/IMG_5156-300x191.jpg\" alt=\"\" width=\"300\" height=\"191\" \/>Try Mermaid<\/h2>\n<p>Hast du dir schon einmal gew\u00fcnscht wie eine Meerjungfrau oder wie ein Wassermann zu schwimmen? Dann mach mit beim SSI Try Mermaid Kurs und lass deine Tr\u00e4ume wahr werden! Das SSI Try Mermaid Programm ist eine kurze Einf\u00fchrung in das Mermaiding im Pool oder begrenzten Freiwasser. Hier lernst du erste Mermaiding-Fertigkeiten, wie das Schwimmen mit der Monoflosse bzw. mit dem Fischschwanz und erh\u00e4ltst zum Abschluss die Try Mermaid Anerkennungskarte.<br \/>\nDieses Programm eignet sich auch gut, wenn du zB. eine Meerjungfrauen-Geburtstagsparty oder einen Polterabend organisieren m\u00f6chtest&#8230;<br \/>\nStarte noch heute!<\/p>\n<table style=\"text-align: left; border-bottom-color: white;\">\n<tbody>\n<tr>\n<td style=\"width: 70%;\"><\/td>\n<td>\n<div>Mindestalter: 6 Jahre<\/div>\n<div style=\"padding-top: 5px;\">Kurskosten:\u00a0 \u20ac 49,-<\/div>\n<\/td>\n<\/tr>\n<\/tbody>\n<\/table>\n<hr \/>\n<h2><img loading=\"lazy\" decoding=\"async\" class=\"size-medium wp-image-279 alignleft\" src=\"https:\/\/trident-freediving.at\/wp-content\/uploads\/2026\/03\/800-300x200.jpg\" alt=\"SSI Explorers\" width=\"300\" height=\"200\" srcset=\"https:\/\/trident-freediving.at\/wp-content\/uploads\/2026\/03\/800-300x200.jpg 300w, https:\/\/trident-freediving.at\/wp-content\/uploads\/2026\/03\/800-768x512.jpg 768w, https:\/\/trident-freediving.at\/wp-content\/uploads\/2026\/03\/800.jpg 800w\" sizes=\"auto, (max-width: 300px) 100vw, 300px\" \/>Mermaid Explorer<\/h2>\n<p>Das SSI Explorers Programm erm\u00f6glicht es Kindern ab sechs Jahren, Unterwasser zu gehen und die verschiedenen M\u00f6glichkeiten auszuprobieren, um die Wasserwelt zu erkunden. Sie erhalten solides Wissen \u00fcber den Schutz der Ozeane und haben die M\u00f6glichkeit die vier gro\u00dfen Unterwasserabenteuer zu erleben: Schnorcheln, Tauchen, Freitauchen und Schwimmen wie eine echte Meerjungfrau.<\/p>\n<table style=\"text-align: left; border-bottom-color: white;\">\n<tbody>\n<tr>\n<td style=\"width: 70%;\"><\/td>\n<td>\n<div>Von 6 bis 11 Jahren<\/div>\n<div style=\"padding-top: 5px;\">Kurskosten:\u00a0 \u20ac 159,-<\/div>\n<\/td>\n<\/tr>\n<\/tbody>\n<\/table>\n<hr \/>\n<h2><img loading=\"lazy\" decoding=\"async\" class=\"size-medium wp-image-141 alignleft\" src=\"https:\/\/trident-freediving.at\/wp-content\/uploads\/2025\/03\/IMG_5157-300x191.jpg\" alt=\"\" width=\"300\" height=\"191\" srcset=\"https:\/\/trident-freediving.at\/wp-content\/uploads\/2025\/03\/IMG_5157-300x191.jpg 300w, https:\/\/trident-freediving.at\/wp-content\/uploads\/2025\/03\/IMG_5157.jpg 400w\" sizes=\"auto, (max-width: 300px) 100vw, 300px\" \/>Mermaid<\/h2>\n<p>Nur ein kleiner Flossenschlag trennt dich noch vom M\u00e4rchen deiner Kindheit. Mermaiding ist eine gro\u00dfartige M\u00f6glichkeit, um sich fit zu halten. Im SSI Mermaid Programm lernst du mit deiner Ausr\u00fcstung im Pool oder begrenzten Freiwasser sicher zu schwimmen. Au\u00dferdem ist Mermaiding ist ein echtes Familienabenteuer! Du willst mehr?- Dieser Kurs kann auch in Kombination mit einem Ocean Mermaid Kurs gebucht werden!<\/p>\n<table style=\"text-align: left; border-bottom-color: white;\">\n<tbody>\n<tr>\n<td style=\"width: 70%;\"><\/td>\n<td>\n<div>Mindestalter: 12 Jahre<\/div>\n<div style=\"padding-top: 5px;\">Kurskosten:\u00a0 \u20ac 259,-<\/div>\n<\/td>\n<\/tr>\n<\/tbody>\n<\/table>\n<hr \/>\n<h2><img loading=\"lazy\" decoding=\"async\" class=\"size-medium wp-image-142 alignleft\" src=\"https:\/\/trident-freediving.at\/wp-content\/uploads\/2025\/03\/IMG_5159-300x191.jpg\" alt=\"\" width=\"300\" height=\"191\" srcset=\"https:\/\/trident-freediving.at\/wp-content\/uploads\/2025\/03\/IMG_5159-300x191.jpg 300w, https:\/\/trident-freediving.at\/wp-content\/uploads\/2025\/03\/IMG_5159.jpg 400w\" sizes=\"auto, (max-width: 300px) 100vw, 300px\" \/>Ocean Mermaid<\/h2>\n<p>Bist du bereit, die Freiheit des Mermaidings im Freiwasser zu entdecken? Wenn du das unbeschreibliche Gef\u00fchl erleben m\u00f6chtest, zusammen mit Fischen in der farbenpr\u00e4chtigen Unterwasserwelt zu tauchen, mach mit beim SSI Ocean Mermaid Programm. Es qualifiziert dich f\u00fcr das Mermaiding im Freiwasser und zeigt dir, wie du das Maximum aus deiner Ausr\u00fcstung herausholen kannst. Es ist der beste Kurs, um deine Fertigkeiten als Meerjungfrau zu verbessern, damit du den See und das Meer voll Selbstvertrauen entdecken kannst!<br \/>\nFange heute an und verdiene dir deine SSI Ocean Mermaid Zertifizierung. Du hast bisher noch keine Mermaid-Erfahrung gesammelt? -Dann buche diesen Kurs in Kombination mit deinem Mermaid Kurs!<\/p>\n<table style=\"text-align: left; border-bottom-color: white;\">\n<tbody>\n<tr>\n<td style=\"width: 70%;\"><\/td>\n<td>\n<div>Mindestalter: 12 Jahre<\/div>\n<div style=\"padding-top: 5px;\">Kurskosten: \u20ac 189,-<\/div>\n<\/td>\n<\/tr>\n<\/tbody>\n<\/table>\n<hr \/>\n<h2><img loading=\"lazy\" decoding=\"async\" class=\"wp-image-309 size-medium alignleft\" src=\"https:\/\/trident-freediving.at\/wp-content\/uploads\/2026\/03\/MM_OMM-300x185.jpg\" alt=\"\" width=\"300\" height=\"185\" srcset=\"https:\/\/trident-freediving.at\/wp-content\/uploads\/2026\/03\/MM_OMM-300x185.jpg 300w, https:\/\/trident-freediving.at\/wp-content\/uploads\/2026\/03\/MM_OMM.jpg 668w\" sizes=\"auto, (max-width: 300px) 100vw, 300px\" \/>Kombinationspaket:<br \/>\nMermaid &amp; Ocean Mermaid<\/h2>\n<p>Wenn du jetzt schon weisst, dass du von der Unterwasserwelt nicht genug bekommen kannst und gerne im Pool und Freiwasser mit deiner Meerjungfrauenflosse unterwegs sein m\u00f6chtest, dann ist diese Kurskombination genau das Richtige f\u00fcr Dich!<\/p>\n<table style=\"text-align: left; border-bottom-color: white;\">\n<tbody>\n<tr>\n<td style=\"width: 70%;\"><\/td>\n<td>\n<div>Mindestalter: 12 Jahre<\/div>\n<div style=\"padding-top: 5px;\">Kurskosten:\u00a0 \u20ac 390,-<\/div>\n<\/td>\n<\/tr>\n<\/tbody>\n<\/table>\n<hr \/>\n<h2><img loading=\"lazy\" decoding=\"async\" class=\"size-medium wp-image-140 alignleft\" src=\"https:\/\/trident-freediving.at\/wp-content\/uploads\/2025\/03\/IMG_5158-300x191.jpg\" alt=\"\" width=\"300\" height=\"191\" srcset=\"https:\/\/trident-freediving.at\/wp-content\/uploads\/2025\/03\/IMG_5158-300x191.jpg 300w, https:\/\/trident-freediving.at\/wp-content\/uploads\/2025\/03\/IMG_5158.jpg 400w\" sizes=\"auto, (max-width: 300px) 100vw, 300px\" \/>Underwater Model<\/h2>\n<p>M\u00f6chtest du tolle Fotos und Videos von dir als Meerjungfrau oder in einem tollen Kleid haben- und der ganze unter Wasser? Du bist bereit, deine Familie und Freunde zu beeindrucken? Hier ist der beste Model Kurs, um die Fertigkeiten zu erlernen, die du f\u00fcr die erfolgreiche Zusammenarbeit mit einem Foto- oder Videografen als Model ben\u00f6tigst. In diesem Unterwasser Model Kurs lernst du, als Meerjungfrau bei Unterwasser- und Oberfl\u00e4chenaufnahmen mitzuwirken, um ganz besondere Momente einzufangen!<\/p>\n<table style=\"text-align: left; border-bottom-color: white;\">\n<tbody>\n<tr>\n<td style=\"width: 70%;\"><\/td>\n<td>\n<div>Mindestalter: 12 Jahre<\/div>\n<div style=\"padding-top: 5px;\">Kurskosten:\u00a0 \u20ac 299,-<\/div>\n<\/td>\n<\/tr>\n<\/tbody>\n<\/table>\n<hr \/>\n<h2><img loading=\"lazy\" decoding=\"async\" class=\"size-medium wp-image-195 alignleft\" src=\"https:\/\/trident-freediving.at\/wp-content\/uploads\/2025\/03\/Bdances-300x191.jpg\" alt=\"\" width=\"300\" height=\"191\" srcset=\"https:\/\/trident-freediving.at\/wp-content\/uploads\/2025\/03\/Bdances-300x191.jpg 300w, https:\/\/trident-freediving.at\/wp-content\/uploads\/2025\/03\/Bdances.jpg 400w\" sizes=\"auto, (max-width: 300px) 100vw, 300px\" \/>Underwater Dance<\/h2>\n<p>Hast du jemals davon getr\u00e4umt, dich m\u00fchelos wie eine Meerjungfrau unter Wasser zu bewegen? Egal, ob du ein aufstrebendes Unterwassermodel, eine T\u00e4nzerin oder eine Meerjungfrau bist, der SSI Underwater Model &amp; Dance Kurs bringt dir die Fertigkeiten bei, um unter den Wellen zu gl\u00e4nzen. Dieses einzigartige Programm hilft dir, anmutige Bewegungen, elegantes Posing und Atemkontrolle zu meistern, damit du atemberaubende Unterwasserinhalte kreieren kannst und gleichzeitig Sicherheit und Selbstvertrauen hast. Von choreografierten Routinen bis hin zu flie\u00dfenden, schwerelosen Bewegungen entwickelst du die Kunstfertigkeit und Technik, die du f\u00fcr faszinierende Unterwasser-Performances brauchst. Beginne mit der Underwater Model-Zertifizierung und mache dann mit Underwater Dance weiter oder mache beides in einem Durchgang, um deine Specialty-Zertifizierung zu erhalten. Perfekt f\u00fcr Meerjungfrauen und Performer, die ihre Fertigkeiten verfeinern wollen.<\/p>\n<table style=\"text-align: left; border-bottom-color: white;\">\n<tbody>\n<tr>\n<td style=\"width: 70%;\"><\/td>\n<td>\n<div>Mindestalter: 12 Jahre<\/div>\n<div style=\"padding-top: 5px;\">Preis auf Anfrage<\/div>\n<\/td>\n<\/tr>\n<\/tbody>\n<\/table>\n<hr \/>\n<p><a href=\"mailto:trident-freediving.at\">Info und Buchung<\/a><\/p>\n<p>&nbsp;<\/p>\n","protected":false},"excerpt":{"rendered":"<p>Springe ins k\u00fchle Nass und lass dich verzaubern In diesen spannenden SSI Mermaid Kursen lernst du wie eine Meerjungfrau oder ein Wassermann zu schwimmen. Diese Ausbildungen vermitteln das Wissen und die Fertigkeiten um sich sicher mit der Monoflosse und einem Fischschwanz im Wasser zu bewegen und wohlzuf\u00fchlen. Unsere fachkundigen Instruktoren bringen dir alles bei, was &hellip; <\/p>\n<p class=\"link-more\"><a href=\"https:\/\/trident-freediving.at\/?page_id=89\" class=\"more-link\"><span class=\"screen-reader-text\">\u201eMermaid\u201c <\/span>weiterlesen<\/a><\/p>\n","protected":false},"author":1,"featured_media":0,"parent":0,"menu_order":0,"comment_status":"closed","ping_status":"closed","template":"","meta":{"footnotes":""},"class_list":["post-89","page","type-page","status-publish","hentry"],"jetpack_sharing_enabled":true,"_links":{"self":[{"href":"https:\/\/trident-freediving.at\/index.php?rest_route=\/wp\/v2\/pages\/89","targetHints":{"allow":["GET"]}}],"collection":[{"href":"https:\/\/trident-freediving.at\/index.php?rest_route=\/wp\/v2\/pages"}],"about":[{"href":"https:\/\/trident-freediving.at\/index.php?rest_route=\/wp\/v2\/types\/page"}],"author":[{"embeddable":true,"href":"https:\/\/trident-freediving.at\/index.php?rest_route=\/wp\/v2\/users\/1"}],"replies":[{"embeddable":true,"href":"https:\/\/trident-freediving.at\/index.php?rest_route=%2Fwp%2Fv2%2Fcomments&post=89"}],"version-history":[{"count":20,"href":"https:\/\/trident-freediving.at\/index.php?rest_route=\/wp\/v2\/pages\/89\/revisions"}],"predecessor-version":[{"id":329,"href":"https:\/\/trident-freediving.at\/index.php?rest_route=\/wp\/v2\/pages\/89\/revisions\/329"}],"wp:attachment":[{"href":"https:\/\/trident-freediving.at\/index.php?rest_route=%2Fwp%2Fv2%2Fmedia&parent=89"}],"curies":[{"name":"wp","href":"https:\/\/api.w.org\/{rel}","templated":true}]}}