{"id":68,"date":"2025-03-05T08:51:46","date_gmt":"2025-03-05T08:51:46","guid":{"rendered":"https:\/\/trident-freediving.at\/?page_id=68"},"modified":"2026-03-08T19:49:47","modified_gmt":"2026-03-08T19:49:47","slug":"termine","status":"publish","type":"page","link":"https:\/\/trident-freediving.at\/?page_id=68","title":{"rendered":"Kurstermine Freediving"},"content":{"rendered":"<h1>SSI Basic Freediving und PoolFreediver<\/h1>\n<p style=\"padding-left: 40px;\">Theorie und Pool bei Scubanautic Tauchsport in St.P\u00f6lten <a href=\"https:\/\/maps.app.goo.gl\/QFzXxMV2BuH23FTg9\" target=\"_blank\" rel=\"noopener\">GoogleMaps<\/a><\/p>\n<p style=\"padding-left: 40px;\">Leihausr\u00fcstung erh\u00e4ltlich<\/p>\n<p>&nbsp;<\/p>\n<p style=\"padding-left: 40px;\">30. Mai 2026<br \/>\n27. Juni 2026<br \/>\n25. Juli 2026<br \/>\n22. August 2026<br \/>\n19. September 2026<\/p>\n<p>&nbsp;<\/p>\n<p><a href=\"mailto:team@trident-freediving.at\">Info &amp; Buchung<\/a><\/p>\n<hr \/>\n<h1>SSI Freediver<\/h1>\n<p style=\"padding-left: 40px;\">Samstag Theorie und Pool bei Scubanautic Tauchsport in St.P\u00f6lten<br \/>\nSonntag Freiwasser (Neufeldersee o\u00e4)<\/p>\n<p>&nbsp;<\/p>\n<p style=\"padding-left: 40px;\">30.-31. Mai 2026<br \/>\n27.-28. Juni 2026<br \/>\n25.-26. Juli 2026<br \/>\n22.-23. August 2026<br \/>\n19.-20. September 2026<\/p>\n<p>&nbsp;<\/p>\n<p><a href=\"mailto:team@trident-freediving.at\">Info &amp; Buchung<\/a><\/p>\n<p>&nbsp;<\/p>\n<hr \/>\n<p>&nbsp;<\/p>\n","protected":false},"excerpt":{"rendered":"<p>SSI Basic Freediving und PoolFreediver Theorie und Pool bei Scubanautic Tauchsport in St.P\u00f6lten GoogleMaps Leihausr\u00fcstung erh\u00e4ltlich &nbsp; 30. Mai 2026 27. Juni 2026 25. Juli 2026 22. August 2026 19. September 2026 &nbsp; Info &amp; Buchung SSI Freediver Samstag Theorie und Pool bei Scubanautic Tauchsport in St.P\u00f6lten Sonntag Freiwasser (Neufeldersee o\u00e4) &nbsp; 30.-31. Mai 2026 &hellip; <\/p>\n<p class=\"link-more\"><a href=\"https:\/\/trident-freediving.at\/?page_id=68\" class=\"more-link\"><span class=\"screen-reader-text\">\u201eKurstermine Freediving\u201c <\/span>weiterlesen<\/a><\/p>\n","protected":false},"author":1,"featured_media":0,"parent":0,"menu_order":0,"comment_status":"closed","ping_status":"closed","template":"","meta":{"footnotes":""},"class_list":["post-68","page","type-page","status-publish","hentry"],"jetpack_sharing_enabled":true,"_links":{"self":[{"href":"https:\/\/trident-freediving.at\/index.php?rest_route=\/wp\/v2\/pages\/68","targetHints":{"allow":["GET"]}}],"collection":[{"href":"https:\/\/trident-freediving.at\/index.php?rest_route=\/wp\/v2\/pages"}],"about":[{"href":"https:\/\/trident-freediving.at\/index.php?rest_route=\/wp\/v2\/types\/page"}],"author":[{"embeddable":true,"href":"https:\/\/trident-freediving.at\/index.php?rest_route=\/wp\/v2\/users\/1"}],"replies":[{"embeddable":true,"href":"https:\/\/trident-freediving.at\/index.php?rest_route=%2Fwp%2Fv2%2Fcomments&post=68"}],"version-history":[{"count":13,"href":"https:\/\/trident-freediving.at\/index.php?rest_route=\/wp\/v2\/pages\/68\/revisions"}],"predecessor-version":[{"id":266,"href":"https:\/\/trident-freediving.at\/index.php?rest_route=\/wp\/v2\/pages\/68\/revisions\/266"}],"wp:attachment":[{"href":"https:\/\/trident-freediving.at\/index.php?rest_route=%2Fwp%2Fv2%2Fmedia&parent=68"}],"curies":[{"name":"wp","href":"https:\/\/api.w.org\/{rel}","templated":true}]}}