{"id":332,"date":"2026-03-31T21:40:43","date_gmt":"2026-03-31T21:40:43","guid":{"rendered":"https:\/\/trident-freediving.at\/?page_id=332"},"modified":"2026-04-06T21:03:43","modified_gmt":"2026-04-06T21:03:43","slug":"shooting","status":"publish","type":"page","link":"https:\/\/trident-freediving.at\/?page_id=332","title":{"rendered":"Shooting"},"content":{"rendered":"<h2>Sei ein Star! &#8211; Und das Unterwasser<\/h2>\n<p>&nbsp;<\/p>\n<p>Du wolltest schon immer tolle Fotos von Dir und bist auf der Suchen nach etwas ungew\u00f6hnlichem?<br \/>\nWie w\u00e4re es mit einem Unterwasser Fotoshooting?<br \/>\nBei uns kannst Du, ganz nach Deinen Bed\u00fcrfnissen, entweder nur ein Fotoshooting buchen oder einen Kurs mit Einf\u00fchrung ins Unterwassermodeln machen! Nat\u00fcrlich sind auch Gruppen oder spezielle Themen bei Shootings herzlich Willkommen.<\/p>\n<p>&nbsp;<\/p>\n<h2><img loading=\"lazy\" decoding=\"async\" class=\"size-medium wp-image-140 alignleft\" src=\"https:\/\/trident-freediving.at\/wp-content\/uploads\/2025\/03\/IMG_5158-300x191.jpg\" alt=\"\" width=\"300\" height=\"191\" srcset=\"https:\/\/trident-freediving.at\/wp-content\/uploads\/2025\/03\/IMG_5158-300x191.jpg 300w, https:\/\/trident-freediving.at\/wp-content\/uploads\/2025\/03\/IMG_5158.jpg 400w\" sizes=\"auto, (max-width: 300px) 100vw, 300px\" \/>Underwater Model Kurs<\/h2>\n<p>In diesem Kurs erlernst Du die Fertigkeiten die du f\u00fcr die erfolgreiche Zusammenarbeit mit einem Foto- oder Videografen als Model ben\u00f6tigst. Du kannst f\u00fcr Deinen Kurs verschiedene Outfits ausw\u00e4hlen und mitbringen. Du wirst am Vormittag wertvolle theoretische Inhalte erfahren, die wir dann gleich am Nachmittag im Pool umsetzen und trainieren.<\/p>\n<table style=\"text-align: left; border-bottom-color: white;\">\n<tbody>\n<tr>\n<td style=\"width: 70%;\"><\/td>\n<td>\n<div>Mindestalter: 12 Jahre<\/div>\n<div>Dauer: 1 Tag<\/div>\n<div style=\"padding-top: 5px;\">Kurskosten:\u00a0 \u20ac 299,-<\/div>\n<\/td>\n<\/tr>\n<\/tbody>\n<\/table>\n<hr \/>\n<h2>Underwater Shooting<\/h2>\n<p>Du kannst f\u00fcr Dein Shooting dein Lieblingsoutfit mitbringen oder auch aus unserem Fundus etwas ausleihen. Details werden individuell abgestimmt. Auch mehrere Personen m\u00f6glich.<\/p>\n<table style=\"text-align: left; border-bottom-color: white;\">\n<tbody>\n<tr>\n<td style=\"width: 70%;\"><\/td>\n<td>\n<div>Mindestalter: 12 Jahre<\/div>\n<div>Dauer: ca. 1 Std<\/div>\n<div style=\"padding-top: 5px;\">Kosten:\u00a0 \u20ac 180,-<\/div>\n<\/td>\n<\/tr>\n<\/tbody>\n<\/table>\n<p><img loading=\"lazy\" decoding=\"async\" class=\"alignnone wp-image-342\" src=\"https:\/\/trident-freediving.at\/wp-content\/uploads\/2026\/03\/IMG-20260215-WA0020-1-225x300.jpg\" alt=\"\" width=\"173\" height=\"231\" srcset=\"https:\/\/trident-freediving.at\/wp-content\/uploads\/2026\/03\/IMG-20260215-WA0020-1-225x300.jpg 225w, https:\/\/trident-freediving.at\/wp-content\/uploads\/2026\/03\/IMG-20260215-WA0020-1-768x1024.jpg 768w, https:\/\/trident-freediving.at\/wp-content\/uploads\/2026\/03\/IMG-20260215-WA0020-1-1152x1536.jpg 1152w, https:\/\/trident-freediving.at\/wp-content\/uploads\/2026\/03\/IMG-20260215-WA0020-1.jpg 1200w\" sizes=\"auto, (max-width: 173px) 100vw, 173px\" \/>\u00a0 \u00a0 \u00a0 \u00a0 <img loading=\"lazy\" decoding=\"async\" class=\"alignnone wp-image-343\" src=\"https:\/\/trident-freediving.at\/wp-content\/uploads\/2026\/03\/IMG-20250827-WA0016-1-200x300.jpg\" alt=\"\" width=\"154\" height=\"231\" srcset=\"https:\/\/trident-freediving.at\/wp-content\/uploads\/2026\/03\/IMG-20250827-WA0016-1-200x300.jpg 200w, https:\/\/trident-freediving.at\/wp-content\/uploads\/2026\/03\/IMG-20250827-WA0016-1-684x1024.jpg 684w, https:\/\/trident-freediving.at\/wp-content\/uploads\/2026\/03\/IMG-20250827-WA0016-1-768x1150.jpg 768w, https:\/\/trident-freediving.at\/wp-content\/uploads\/2026\/03\/IMG-20250827-WA0016-1.jpg 935w\" sizes=\"auto, (max-width: 154px) 100vw, 154px\" \/>\u00a0 \u00a0 \u00a0 \u00a0<img loading=\"lazy\" decoding=\"async\" class=\"alignnone wp-image-345\" src=\"https:\/\/trident-freediving.at\/wp-content\/uploads\/2026\/03\/IMG-20250602-WA0044-225x300.jpg\" alt=\"\" width=\"172\" height=\"230\" srcset=\"https:\/\/trident-freediving.at\/wp-content\/uploads\/2026\/03\/IMG-20250602-WA0044-225x300.jpg 225w, https:\/\/trident-freediving.at\/wp-content\/uploads\/2026\/03\/IMG-20250602-WA0044-768x1024.jpg 768w, https:\/\/trident-freediving.at\/wp-content\/uploads\/2026\/03\/IMG-20250602-WA0044-1152x1536.jpg 1152w, https:\/\/trident-freediving.at\/wp-content\/uploads\/2026\/03\/IMG-20250602-WA0044.jpg 1200w\" sizes=\"auto, (max-width: 172px) 100vw, 172px\" \/><\/p>\n<p><img loading=\"lazy\" decoding=\"async\" class=\"alignnone  wp-image-355\" src=\"https:\/\/trident-freediving.at\/wp-content\/uploads\/2026\/04\/IMG-20260404-WA0025-225x300.jpg\" alt=\"\" width=\"173\" height=\"230\" srcset=\"https:\/\/trident-freediving.at\/wp-content\/uploads\/2026\/04\/IMG-20260404-WA0025-225x300.jpg 225w, https:\/\/trident-freediving.at\/wp-content\/uploads\/2026\/04\/IMG-20260404-WA0025-768x1024.jpg 768w, https:\/\/trident-freediving.at\/wp-content\/uploads\/2026\/04\/IMG-20260404-WA0025-1152x1536.jpg 1152w, https:\/\/trident-freediving.at\/wp-content\/uploads\/2026\/04\/IMG-20260404-WA0025.jpg 1200w\" sizes=\"auto, (max-width: 173px) 100vw, 173px\" \/>\u00a0 \u00a0 \u00a0 \u00a0 <img loading=\"lazy\" decoding=\"async\" class=\"alignnone  wp-image-356\" src=\"https:\/\/trident-freediving.at\/wp-content\/uploads\/2026\/04\/IMG-20260404-WA0033-206x300.jpg\" alt=\"\" width=\"158\" height=\"230\" srcset=\"https:\/\/trident-freediving.at\/wp-content\/uploads\/2026\/04\/IMG-20260404-WA0033-206x300.jpg 206w, https:\/\/trident-freediving.at\/wp-content\/uploads\/2026\/04\/IMG-20260404-WA0033-701x1024.jpg 701w, https:\/\/trident-freediving.at\/wp-content\/uploads\/2026\/04\/IMG-20260404-WA0033-768x1121.jpg 768w, https:\/\/trident-freediving.at\/wp-content\/uploads\/2026\/04\/IMG-20260404-WA0033-1052x1536.jpg 1052w, https:\/\/trident-freediving.at\/wp-content\/uploads\/2026\/04\/IMG-20260404-WA0033.jpg 1096w\" sizes=\"auto, (max-width: 158px) 100vw, 158px\" \/><\/p>\n","protected":false},"excerpt":{"rendered":"<p>Sei ein Star! &#8211; Und das Unterwasser &nbsp; Du wolltest schon immer tolle Fotos von Dir und bist auf der Suchen nach etwas ungew\u00f6hnlichem? Wie w\u00e4re es mit einem Unterwasser Fotoshooting? Bei uns kannst Du, ganz nach Deinen Bed\u00fcrfnissen, entweder nur ein Fotoshooting buchen oder einen Kurs mit Einf\u00fchrung ins Unterwassermodeln machen! Nat\u00fcrlich sind auch &hellip; <\/p>\n<p class=\"link-more\"><a href=\"https:\/\/trident-freediving.at\/?page_id=332\" class=\"more-link\"><span class=\"screen-reader-text\">\u201eShooting\u201c <\/span>weiterlesen<\/a><\/p>\n","protected":false},"author":3,"featured_media":0,"parent":0,"menu_order":0,"comment_status":"closed","ping_status":"closed","template":"","meta":{"footnotes":""},"class_list":["post-332","page","type-page","status-publish","hentry"],"jetpack_sharing_enabled":true,"_links":{"self":[{"href":"https:\/\/trident-freediving.at\/index.php?rest_route=\/wp\/v2\/pages\/332","targetHints":{"allow":["GET"]}}],"collection":[{"href":"https:\/\/trident-freediving.at\/index.php?rest_route=\/wp\/v2\/pages"}],"about":[{"href":"https:\/\/trident-freediving.at\/index.php?rest_route=\/wp\/v2\/types\/page"}],"author":[{"embeddable":true,"href":"https:\/\/trident-freediving.at\/index.php?rest_route=\/wp\/v2\/users\/3"}],"replies":[{"embeddable":true,"href":"https:\/\/trident-freediving.at\/index.php?rest_route=%2Fwp%2Fv2%2Fcomments&post=332"}],"version-history":[{"count":8,"href":"https:\/\/trident-freediving.at\/index.php?rest_route=\/wp\/v2\/pages\/332\/revisions"}],"predecessor-version":[{"id":357,"href":"https:\/\/trident-freediving.at\/index.php?rest_route=\/wp\/v2\/pages\/332\/revisions\/357"}],"wp:attachment":[{"href":"https:\/\/trident-freediving.at\/index.php?rest_route=%2Fwp%2Fv2%2Fmedia&parent=332"}],"curies":[{"name":"wp","href":"https:\/\/api.w.org\/{rel}","templated":true}]}}