{"id":226,"date":"2025-05-18T14:35:22","date_gmt":"2025-05-18T14:35:22","guid":{"rendered":"https:\/\/trident-freediving.at\/?page_id=226"},"modified":"2025-05-18T14:45:06","modified_gmt":"2025-05-18T14:45:06","slug":"dsgvo","status":"publish","type":"page","link":"https:\/\/trident-freediving.at\/?page_id=226","title":{"rendered":"DSGVO"},"content":{"rendered":"<p><strong>Wie verarbeitet Trident Freediving meine Daten?<\/strong><\/p>\n<p>Rechtsgrundlage Einwilligung:<\/p>\n<p>Du hast uns Daten \u00fcber dich freiwillig zur Verf\u00fcgung gestellt und wir verarbeiten diese Daten auf Grundlage deiner Einwilligung zur Zuordnung und Kontaktaufnahme deines Auftrages oder deiner Anfrage.<span class=\"Apple-converted-space\"><br \/>\n<\/span>Du kannst diese Einwilligung jederzeit widerrufen.<span class=\"Apple-converted-space\"><br \/>\n<\/span>Ein Widerruf hat zur Folge, dass wir deine Daten ab diesem Zeitpunkt zu oben genannten Zwecken nicht mehr verarbeiten.<span class=\"Apple-converted-space\"><br \/>\n<\/span>F\u00fcr einen Widerruf wende dich bitte an: <a href=\"mailto:team@trident-freediving.at\">team@trident-freediving.at<\/a><\/p>\n<p>Rechtsgrundlage Vertragserf\u00fcllung:<span class=\"Apple-converted-space\">\u00a0<\/span><\/p>\n<p>Die von dir bereit gestellten Daten sind zur Vertragserf\u00fcllung bzw. zur Durchf\u00fchrung vorvertraglicher Ma\u00dfnahmen erforderlich. Ohne diese Daten k\u00f6nnen wir den Vertrag mit dir nicht abschlie\u00dfen.<span class=\"Apple-converted-space\">\u00a0<\/span><\/p>\n<p>Rechtsgrundlage berechtigte Interessen:<\/p>\n<p>Wir verarbeiten Daten \u00fcber dich aufgrund unserer berechtigten Interessen oder denen eines Dritten. Bei Nichtbereitstellung der Daten kann der Auftrag nicht angenommen werden.<span class=\"Apple-converted-space\">\u00a0<\/span><\/p>\n<p>Speicherdauer\/L\u00f6schungsfrist:<\/p>\n<p>Wir speichern deine Daten bis zu jenem Zeitpunkt, der eine Voraussetzung f\u00fcr das Anbieten weiterer Serviceleistungen darstellt.<span class=\"Apple-converted-space\">\u00a0<\/span>Deine Daten werden nicht an Dritte weitergegeben.<span class=\"Apple-converted-space\">\u00a0<\/span><\/p>\n<p>Du erreichst uns unter folgenden Kontaktdaten:<span class=\"Apple-converted-space\"><br \/>\n<\/span>Scubanautic Tauchsport, Wienerstra\u00dfe 166, 3100 St. P\u00f6lten<br \/>\n<a href=\"mailto:team@trident-freediving.at\">team@trident-freediving.at<\/a><\/p>\n<p>Rechtsbehelfsbelehrung:<br \/>\nDa wir die Daten in unseren berechtigten Interessen verarbeiten, hast du grunds\u00e4tzlich ein Widerspruchsrecht, wenn bei dir Gr\u00fcnde vorliegen, die sich aus deiner besonderen Situation ergeben, die gegen diese Verarbeitung sprechen. Dir steht grunds\u00e4tzlich die Rechte auf Auskunft, Berichtigung, L\u00f6schung, Einschr\u00e4nkung, Daten\u00fcbertragbarkeit und Widerspruch zu. Daf\u00fcr wende dich an uns. Wenn du glaubst, dass die Verarbeitung deiner Daten gegen das Datenschutzrecht verst\u00f6\u00dft oder deine datenschutzrechtlichen Anspr\u00fcche sonst in einer Weise verletzt worden sind, kannst du dich bei der Aufsichtsbeh\u00f6rde beschweren. In \u00d6sterreich ist die Datenschutzbeh\u00f6rde zust\u00e4ndig.<\/p>\n","protected":false},"excerpt":{"rendered":"<p>Wie verarbeitet Trident Freediving meine Daten? Rechtsgrundlage Einwilligung: Du hast uns Daten \u00fcber dich freiwillig zur Verf\u00fcgung gestellt und wir verarbeiten diese Daten auf Grundlage deiner Einwilligung zur Zuordnung und Kontaktaufnahme deines Auftrages oder deiner Anfrage. Du kannst diese Einwilligung jederzeit widerrufen. Ein Widerruf hat zur Folge, dass wir deine Daten ab diesem Zeitpunkt zu &hellip; <\/p>\n<p class=\"link-more\"><a href=\"https:\/\/trident-freediving.at\/?page_id=226\" class=\"more-link\"><span class=\"screen-reader-text\">\u201eDSGVO\u201c <\/span>weiterlesen<\/a><\/p>\n","protected":false},"author":1,"featured_media":0,"parent":25,"menu_order":0,"comment_status":"closed","ping_status":"closed","template":"","meta":{"footnotes":""},"class_list":["post-226","page","type-page","status-publish","hentry"],"jetpack_sharing_enabled":true,"_links":{"self":[{"href":"https:\/\/trident-freediving.at\/index.php?rest_route=\/wp\/v2\/pages\/226","targetHints":{"allow":["GET"]}}],"collection":[{"href":"https:\/\/trident-freediving.at\/index.php?rest_route=\/wp\/v2\/pages"}],"about":[{"href":"https:\/\/trident-freediving.at\/index.php?rest_route=\/wp\/v2\/types\/page"}],"author":[{"embeddable":true,"href":"https:\/\/trident-freediving.at\/index.php?rest_route=\/wp\/v2\/users\/1"}],"replies":[{"embeddable":true,"href":"https:\/\/trident-freediving.at\/index.php?rest_route=%2Fwp%2Fv2%2Fcomments&post=226"}],"version-history":[{"count":4,"href":"https:\/\/trident-freediving.at\/index.php?rest_route=\/wp\/v2\/pages\/226\/revisions"}],"predecessor-version":[{"id":240,"href":"https:\/\/trident-freediving.at\/index.php?rest_route=\/wp\/v2\/pages\/226\/revisions\/240"}],"up":[{"embeddable":true,"href":"https:\/\/trident-freediving.at\/index.php?rest_route=\/wp\/v2\/pages\/25"}],"wp:attachment":[{"href":"https:\/\/trident-freediving.at\/index.php?rest_route=%2Fwp%2Fv2%2Fmedia&parent=226"}],"curies":[{"name":"wp","href":"https:\/\/api.w.org\/{rel}","templated":true}]}}