{"id":223,"date":"2025-05-18T14:33:48","date_gmt":"2025-05-18T14:33:48","guid":{"rendered":"https:\/\/trident-freediving.at\/?page_id=223"},"modified":"2026-04-06T21:13:31","modified_gmt":"2026-04-06T21:13:31","slug":"impressum","status":"publish","type":"page","link":"https:\/\/trident-freediving.at\/?page_id=223","title":{"rendered":"Impressum"},"content":{"rendered":"<table class=\"table\" width=\"100%\">\n<tbody>\n<tr>\n<th>Name \/ Unternehmensbezeichnung:<\/th>\n<td>Scubanautic Tauchsport<br \/>\nHeindl und Hackl OG<\/td>\n<\/tr>\n<tr>\n<th>Rechtsform:<\/th>\n<td>offene Erwerbsgemeinschaft<\/td>\n<\/tr>\n<tr>\n<th>Standort der Gewerbeberechtigung:<\/th>\n<td><a class=\"map\" href=\"https:\/\/www.google.com\/maps\/place\/Tauchsport+Scubanautic\/@48.2134872,15.6479001,17z\/data=!3m1!4b1!4m2!3m1!1s0x476d80ad76952e8f:0x8219f202f8803aa?hl=de-DE\" target=\"_blank\" rel=\"noopener noreferrer\"><br \/>\nWienerstra\u00dfe 166<br \/>\n3100 St. P\u00f6lten<br \/>\n\u00d6sterreich<br \/>\n<\/a><\/td>\n<\/tr>\n<tr>\n<th>Telefon:<br \/>\nTelefax:<br \/>\nE-Mail:<br \/>\nInternet:<\/th>\n<td><a class=\"phone\" href=\"tel:+43274272464\">+43 2742\/72 464<\/a><br \/>\n<a class=\"phone\" href=\"tel:+43274272464\">+43 2742\/72 464<\/a><br \/>\n<a class=\"mail\" href=\"mailto:office@scubanautic.at\">office@scubanautic.at<\/a><br \/>\n<a class=\"web\" href=\"http:\/\/www.scubanautic.at\/\" target=\"_self\" rel=\"noopener noreferrer\">www.scubanautic.at<\/a><\/td>\n<\/tr>\n<tr>\n<th>Firmenbuchgericht:<\/th>\n<td>HG St.P\u00f6lten<\/td>\n<\/tr>\n<tr>\n<th>Umsatzsteuer-Identifikationsnummer:<\/th>\n<td>UID Nr.:51256607<\/td>\n<\/tr>\n<tr>\n<th>Bankverbindung:<\/th>\n<td>IBAN: AT51 3258 5000 0000 7104<br \/>\nBIC: RLNWATWWOBG<\/td>\n<\/tr>\n<tr>\n<th>F\u00fcr den Inhalt verantwortlich:<\/th>\n<td>Trident Freediving<br \/>\nHelmut Zechner,<br \/>\nAgnes Mroczkowski,<br \/>\nMartin Zehetner<br \/>\nteam@trident-freediving.at<br \/>\n+43 664 1850954<\/td>\n<\/tr>\n<\/tbody>\n<\/table>\n","protected":false},"excerpt":{"rendered":"<p>Name \/ Unternehmensbezeichnung: Scubanautic Tauchsport Heindl und Hackl OG Rechtsform: offene Erwerbsgemeinschaft Standort der Gewerbeberechtigung: Wienerstra\u00dfe 166 3100 St. P\u00f6lten \u00d6sterreich Telefon: Telefax: E-Mail: Internet: +43 2742\/72 464 +43 2742\/72 464 office@scubanautic.at www.scubanautic.at Firmenbuchgericht: HG St.P\u00f6lten Umsatzsteuer-Identifikationsnummer: UID Nr.:51256607 Bankverbindung: IBAN: AT51 3258 5000 0000 7104 BIC: RLNWATWWOBG F\u00fcr den Inhalt verantwortlich: Trident Freediving Helmut &hellip; <\/p>\n<p class=\"link-more\"><a href=\"https:\/\/trident-freediving.at\/?page_id=223\" class=\"more-link\"><span class=\"screen-reader-text\">\u201eImpressum\u201c <\/span>weiterlesen<\/a><\/p>\n","protected":false},"author":1,"featured_media":0,"parent":25,"menu_order":0,"comment_status":"closed","ping_status":"closed","template":"","meta":{"footnotes":""},"class_list":["post-223","page","type-page","status-publish","hentry"],"jetpack_sharing_enabled":true,"_links":{"self":[{"href":"https:\/\/trident-freediving.at\/index.php?rest_route=\/wp\/v2\/pages\/223","targetHints":{"allow":["GET"]}}],"collection":[{"href":"https:\/\/trident-freediving.at\/index.php?rest_route=\/wp\/v2\/pages"}],"about":[{"href":"https:\/\/trident-freediving.at\/index.php?rest_route=\/wp\/v2\/types\/page"}],"author":[{"embeddable":true,"href":"https:\/\/trident-freediving.at\/index.php?rest_route=\/wp\/v2\/users\/1"}],"replies":[{"embeddable":true,"href":"https:\/\/trident-freediving.at\/index.php?rest_route=%2Fwp%2Fv2%2Fcomments&post=223"}],"version-history":[{"count":4,"href":"https:\/\/trident-freediving.at\/index.php?rest_route=\/wp\/v2\/pages\/223\/revisions"}],"predecessor-version":[{"id":360,"href":"https:\/\/trident-freediving.at\/index.php?rest_route=\/wp\/v2\/pages\/223\/revisions\/360"}],"up":[{"embeddable":true,"href":"https:\/\/trident-freediving.at\/index.php?rest_route=\/wp\/v2\/pages\/25"}],"wp:attachment":[{"href":"https:\/\/trident-freediving.at\/index.php?rest_route=%2Fwp%2Fv2%2Fmedia&parent=223"}],"curies":[{"name":"wp","href":"https:\/\/api.w.org\/{rel}","templated":true}]}}