{"id":207,"date":"2025-04-07T16:44:33","date_gmt":"2025-04-07T16:44:33","guid":{"rendered":"https:\/\/trident-freediving.at\/?page_id=207"},"modified":"2026-03-18T22:07:55","modified_gmt":"2026-03-18T22:07:55","slug":"welcome","status":"publish","type":"page","link":"https:\/\/trident-freediving.at\/","title":{"rendered":"Welcome"},"content":{"rendered":"<p><b><br \/>\nWillkommen bei Trident Freediving<\/b><\/p>\n<p>Wir sind ein erfahrenes und professionelles Team aus gut ausgebildeten, leidenschaftlichen Apnoetauchern. Uns verbindet die Faszination f\u00fcr das Freitauchen und der Wunsch, diese besondere Erfahrung weiterzugeben.<\/p>\n<p>Unser Ziel ist es, das Freitauchen im Gro\u00dfraum St.P\u00f6lten zu etablieren und verf\u00fcgbar zu machen \u2013 als Sport, als Erfahrung, als Weg zu sich selbst. Ob du dich erstmals unter Wasser wagen, deine Technik verbessern oder gezielt f\u00fcr Tiefe und Zeit trainieren m\u00f6chtest \u2013 bei uns findest du die passende Ausbildung, Workshops und individuelles Training.<\/p>\n<p><img loading=\"lazy\" decoding=\"async\" class=\"aligncenter size-full wp-image-217\" src=\"https:\/\/trident-freediving.at\/wp-content\/uploads\/2025\/04\/Lifestyle-Image-1-Medium.png\" alt=\"\" width=\"640\" height=\"427\" srcset=\"https:\/\/trident-freediving.at\/wp-content\/uploads\/2025\/04\/Lifestyle-Image-1-Medium.png 640w, https:\/\/trident-freediving.at\/wp-content\/uploads\/2025\/04\/Lifestyle-Image-1-Medium-300x200.png 300w\" sizes=\"auto, (max-width: 640px) 100vw, 640px\" \/><\/p>\n<p>Freitauchen bedeutet f\u00fcr uns mehr als nur Sport: Es geht um k\u00f6rperliche Fitness, Konzentration, geistige Herausforderungen, neue Erfahrungen \u2013 und nicht zuletzt um Spa\u00df. Alles im Einklang mit dem Wasser und dem eigenen K\u00f6rper.<\/p>\n<p>Wir unterrichten nach den <a href=\"https:\/\/www.divessi.com\/de\/get-certified\/freediving\">Freediving Standards von SSI<\/a>, um h\u00f6chste Qualit\u00e4t und Sicherheit in der Ausbildung zu gew\u00e4hrleisten.<\/p>\n<p><b>Trident Freediving \u2013 <\/b><b>entdecke, was in dir steckt.<\/b><br \/>\n&nbsp;<\/p>\n<p>Ob du erste Erfahrungen sammeln oder deine F\u00e4higkeiten vertiefen m\u00f6chtest \u2013 bei uns findest du den passenden Einstieg:<\/p>\n<p><img loading=\"lazy\" decoding=\"async\" class=\" wp-image-215 alignright\" src=\"https:\/\/trident-freediving.at\/wp-content\/uploads\/2025\/04\/Dive-Image-56-Medium-200x300.png\" alt=\"\" width=\"166\" height=\"249\" srcset=\"https:\/\/trident-freediving.at\/wp-content\/uploads\/2025\/04\/Dive-Image-56-Medium-200x300.png 200w, https:\/\/trident-freediving.at\/wp-content\/uploads\/2025\/04\/Dive-Image-56-Medium.png 427w\" sizes=\"auto, (max-width: 166px) 100vw, 166px\" \/><\/p>\n<p><b>\u00a0&#8211; Anf\u00e4ngerkurse<br \/>\n<\/b>\u00a0 \u00a0 \u00a0Entdecke die Welt des Freitauchens &#8211;<br \/>\n<\/b>\u00a0 \u00a0 \u00a0mit Freude und Sicherheit<\/p>\n<p><b>\u00a0&#8211; Ausbildung und Training f\u00fcr Fortgeschrittene<br \/>\n<\/b>\u00a0 \u00a0 \u00a0Entwickle\u00a0 deine Technik, deinen Komfort und<br \/>\n<\/b>\u00a0 \u00a0 \u00a0deine pers\u00f6nlichen Ziele weiter<\/p>\n<p><b>\u00a0&#8211; Mermaid-Kurse<br \/>\n<\/b>\u00a0 \u00a0 \u00a0Bewege dich spielerisch und kreativ im Wasser<br \/>\n<\/b>\u00a0 \u00a0 \u00a0und setze dich in Szene<\/p>\n<p>&nbsp;<\/p>\n<p><strong style=\"font-size: 1rem;\">Wir beraten dich gerne.<\/strong><\/p>\n<p><strong><a href=\"https:\/\/trident-freediving.at\/?page_id=25\">Kontaktiere<\/a> <a href=\"https:\/\/trident-freediving.at\/?page_id=51\">uns<\/a> noch heute und starte dein Tauchabenteuer!<\/strong><\/p>\n","protected":false},"excerpt":{"rendered":"<p>Willkommen bei Trident Freediving Wir sind ein erfahrenes und professionelles Team aus gut ausgebildeten, leidenschaftlichen Apnoetauchern. Uns verbindet die Faszination f\u00fcr das Freitauchen und der Wunsch, diese besondere Erfahrung weiterzugeben. Unser Ziel ist es, das Freitauchen im Gro\u00dfraum St.P\u00f6lten zu etablieren und verf\u00fcgbar zu machen \u2013 als Sport, als Erfahrung, als Weg zu sich selbst. &hellip; <\/p>\n<p class=\"link-more\"><a href=\"https:\/\/trident-freediving.at\/\" class=\"more-link\"><span class=\"screen-reader-text\">\u201eWelcome\u201c <\/span>weiterlesen<\/a><\/p>\n","protected":false},"author":1,"featured_media":0,"parent":0,"menu_order":0,"comment_status":"closed","ping_status":"closed","template":"","meta":{"footnotes":""},"class_list":["post-207","page","type-page","status-publish","hentry"],"jetpack_sharing_enabled":true,"_links":{"self":[{"href":"https:\/\/trident-freediving.at\/index.php?rest_route=\/wp\/v2\/pages\/207","targetHints":{"allow":["GET"]}}],"collection":[{"href":"https:\/\/trident-freediving.at\/index.php?rest_route=\/wp\/v2\/pages"}],"about":[{"href":"https:\/\/trident-freediving.at\/index.php?rest_route=\/wp\/v2\/types\/page"}],"author":[{"embeddable":true,"href":"https:\/\/trident-freediving.at\/index.php?rest_route=\/wp\/v2\/users\/1"}],"replies":[{"embeddable":true,"href":"https:\/\/trident-freediving.at\/index.php?rest_route=%2Fwp%2Fv2%2Fcomments&post=207"}],"version-history":[{"count":9,"href":"https:\/\/trident-freediving.at\/index.php?rest_route=\/wp\/v2\/pages\/207\/revisions"}],"predecessor-version":[{"id":326,"href":"https:\/\/trident-freediving.at\/index.php?rest_route=\/wp\/v2\/pages\/207\/revisions\/326"}],"wp:attachment":[{"href":"https:\/\/trident-freediving.at\/index.php?rest_route=%2Fwp%2Fv2%2Fmedia&parent=207"}],"curies":[{"name":"wp","href":"https:\/\/api.w.org\/{rel}","templated":true}]}}